{"id":123,"date":"2026-03-06T06:12:18","date_gmt":"2026-03-06T06:12:18","guid":{"rendered":"https:\/\/anjosvisitantes.com.se\/osc\/?page_id=123"},"modified":"2026-04-15T07:14:04","modified_gmt":"2026-04-15T07:14:04","slug":"av-pix","status":"publish","type":"page","link":"https:\/\/anjosvisitantes.com.se\/osc\/av-pix\/","title":{"rendered":"AV PIX"},"content":{"rendered":"\t\t<div data-elementor-type=\"wp-post\" data-elementor-id=\"123\" class=\"elementor elementor-123\">\n\t\t\t\t<div class=\"elementor-element elementor-element-fec2fca e-flex e-con-boxed e-con e-parent\" data-id=\"fec2fca\" data-element_type=\"container\" data-e-type=\"container\">\n\t\t\t\t\t<div class=\"e-con-inner\">\n\t\t<div class=\"elementor-element elementor-element-acdf1fb e-con-full e-flex e-con e-child\" data-id=\"acdf1fb\" data-element_type=\"container\" data-e-type=\"container\">\n\t\t\t\t<div class=\"elementor-element elementor-element-5c45c48 elementor-widget elementor-widget-html\" data-id=\"5c45c48\" data-element_type=\"widget\" data-e-type=\"widget\" data-widget_type=\"html.default\">\n\t\t\t\t\t<!DOCTYPE html>\n<html lang=\"pt-BR\">\n<head>\n  <meta charset=\"UTF-8\">\n  <meta name=\"viewport\" content=\"width=device-width, initial-scale=1.0\">\n  <title>Anjos Visitantes \u2013 Contatos Institucionais<\/title>\n\n  <style>\n    :root {\n      --bg1: #0b1f39;\n      --bg2: #1b3d6b;\n      --stroke: rgba(255,255,255,.18);\n      --text: rgba(255,255,255,.92);\n      --muted: rgba(255,255,255,.72);\n      --gold: #ffd86b;\n      --wa: #25D366;\n      --shadow: 0 20px 50px rgba(0,0,0,.35);\n      --radius: 18px;\n    }\n\n    * {\n      box-sizing: border-box;\n    }\n\n    body {\n      margin: 0;\n      font-family: Arial, Helvetica, sans-serif;\n      color: var(--text);\n      background: linear-gradient(135deg, var(--bg1), var(--bg2));\n      min-height: 100vh;\n    }\n\n    .wrap {\n      max-width: 980px;\n      margin: 0 auto;\n      padding: 50px 18px;\n    }\n\n    .header {\n      display: flex;\n      align-items: center;\n      justify-content: space-between;\n      gap: 16px;\n      padding: 18px;\n      border: 1px solid var(--stroke);\n      border-radius: var(--radius);\n      background: rgba(255,255,255,.06);\n      box-shadow: var(--shadow);\n      flex-wrap: wrap;\n    }\n\n    .brand {\n      display: flex;\n      align-items: center;\n      gap: 14px;\n      flex-wrap: wrap;\n    }\n\n    .brandtext h1 {\n      margin: 0;\n      font-size: 22px;\n    }\n\n    .sub {\n      margin-top: 6px;\n      font-size: 13px;\n      color: var(--muted);\n    }\n\n    .pill {\n      margin-top: 8px;\n      padding: 8px 12px;\n      border-radius: 999px;\n      border: 1px solid var(--stroke);\n      font-size: 12px;\n      display: inline-block;\n    }\n\n    .pill span {\n      color: var(--gold);\n      font-weight: 700;\n    }\n\n    .donate-btn {\n      background: var(--gold);\n      color: #111;\n      padding: 10px 18px;\n      border-radius: 10px;\n      font-weight: 700;\n      text-decoration: none;\n      display: inline-block;\n    }\n\n    .grid {\n      display: grid;\n      gap: 18px;\n      margin-top: 18px;\n    }\n\n    .section {\n      border-radius: var(--radius);\n      border: 1px solid var(--stroke);\n      background: rgba(255,255,255,.06);\n      box-shadow: var(--shadow);\n      overflow: hidden;\n    }\n\n    .sectionHead {\n      padding: 16px 18px;\n      border-bottom: 1px solid var(--stroke);\n      display: flex;\n      justify-content: space-between;\n      align-items: center;\n      gap: 12px;\n      flex-wrap: wrap;\n    }\n\n    .sectionHead h2 {\n      margin: 0;\n      font-size: 16px;\n    }\n\n    .hint {\n      font-size: 12px;\n      color: var(--muted);\n    }\n\n    .sectionBody {\n      padding: 18px;\n    }\n\n    .person {\n      padding: 16px;\n      border: 1px solid rgba(255,255,255,.12);\n      border-radius: 14px;\n      margin-bottom: 14px;\n      background: rgba(0,0,0,.12);\n    }\n\n    .person:last-child {\n      margin-bottom: 0;\n    }\n\n    .name {\n      font-weight: 700;\n      margin-bottom: 5px;\n    }\n\n    .meta {\n      font-size: 13px;\n      color: var(--muted);\n      line-height: 1.5;\n    }\n\n    .actions {\n      margin-top: 10px;\n      display: flex;\n      gap: 10px;\n      flex-wrap: wrap;\n    }\n\n    .btn {\n      padding: 10px 14px;\n      border-radius: 10px;\n      font-weight: 700;\n      text-decoration: none;\n      font-size: 13px;\n      display: inline-block;\n    }\n\n    .btn-mail {\n      background: var(--gold);\n      color: #111;\n    }\n\n    .btn-wa {\n      background: var(--wa);\n      color: #0b1f39;\n    }\n\n    .linkCard {\n      display: flex;\n      justify-content: space-between;\n      align-items: center;\n      gap: 16px;\n      padding: 16px;\n      border-radius: 14px;\n      border: 1px solid rgba(255,255,255,.12);\n      background: rgba(0,0,0,.12);\n      margin-bottom: 14px;\n      flex-wrap: wrap;\n    }\n\n    .linkCard:last-child {\n      margin-bottom: 0;\n    }\n\n    .linkText strong {\n      display: block;\n      margin-bottom: 4px;\n    }\n\n    .linkText div {\n      font-size: 13px;\n      color: var(--muted);\n      line-height: 1.5;\n    }\n\n    .btn-action {\n      padding: 10px 16px;\n      border-radius: 10px;\n      border: 1px solid rgba(255,255,255,.18);\n      text-decoration: none;\n      font-weight: 700;\n      color: var(--text);\n      display: inline-block;\n      white-space: nowrap;\n    }\n\n    .footer {\n      text-align: center;\n      margin-top: 20px;\n      font-size: 12px;\n      color: rgba(255,255,255,.65);\n    }\n\n    @media (max-width: 640px) {\n      .header,\n      .brand,\n      .sectionHead,\n      .linkCard {\n        align-items: flex-start;\n      }\n\n      .linkCard,\n      .sectionHead {\n        flex-direction: column;\n      }\n    }\n  <\/style>\n<\/head>\n<body>\n  <div class=\"wrap\">\n\n    <div class=\"header\">\n      <div class=\"brand\">\n        <a class=\"donate-btn\" href=\"https:\/\/anjosvisitantes.com.se\/osc\/AV%20PIX\/#doar\" target=\"_blank\">Doar<\/a>\n\n        <div class=\"brandtext\">\n          <h1>Anjos Visitantes \u2013 OSC<\/h1>\n          <div class=\"sub\">Organiza\u00e7\u00e3o da Sociedade Civil<\/div>\n          <div class=\"pill\">\n            CNPJ: <span>65.053.532\/0001-32<\/span>\n          <\/div>\n        <\/div>\n      <\/div>\n    <\/div>\n\n    <div class=\"grid\">\n\n      <!-- CONTATOS -->\n      <div class=\"section\">\n        <div class=\"sectionHead\">\n          <h2>Contatos Institucionais<\/h2>\n          <div class=\"hint\">E-mail e WhatsApp<\/div>\n        <\/div>\n\n        <div class=\"sectionBody\">\n          <div class=\"person\">\n            <div class=\"name\">Edna Martinez \u2013 Presidente<\/div>\n            <div class=\"meta\">\n              Profiss\u00e3o: Pedagoga<br>\n              Email: edna@anjosvisitantes.com\n            <\/div>\n            <div class=\"actions\">\n              <a class=\"btn btn-mail\" href=\"mailto:edna@anjosvisitantes.com\">Enviar e-mail<\/a>\n              <a class=\"btn btn-wa\" href=\"https:\/\/wa.me\/5579980092650\" target=\"_blank\">WhatsApp<\/a>\n            <\/div>\n          <\/div>\n\n          <div class=\"person\">\n            <div class=\"name\">Edgar Martinez \u2013 Gerente<\/div>\n            <div class=\"meta\">\n              Profiss\u00e3o: Engenheiro de Telecomunica\u00e7\u00f5es<br>\n              Email: edgar@anjosvisitantes.com\n            <\/div>\n            <div class=\"actions\">\n              <a class=\"btn btn-mail\" href=\"mailto:edgar@anjosvisitantes.com\">Enviar e-mail<\/a>\n              <a class=\"btn btn-wa\" href=\"https:\/\/wa.me\/557999587172\" target=\"_blank\">WhatsApp<\/a>\n            <\/div>\n          <\/div>\n\n          <div class=\"person\">\n            <div class=\"name\">Ros\u00e2ngela Santos \u2013 Coordenadora (AANM)<\/div>\n            <div class=\"meta\">\n              Profiss\u00e3o: Psicopedagoga<br>\n              Email: rosangela@anjosvisitantes.com\n            <\/div>\n            <div class=\"actions\">\n              <a class=\"btn btn-mail\" href=\"mailto:rosangela@anjosvisitantes.com\">Enviar e-mail<\/a>\n              <a class=\"btn btn-wa\" href=\"https:\/\/wa.me\/557996073956\" target=\"_blank\">WhatsApp<\/a>\n            <\/div>\n          <\/div>\n\n          <div class=\"person\">\n            <div class=\"name\">Lyzianne Silva \u2013 Coordenadora (MCMVPI)<\/div>\n            <div class=\"meta\">\n              Profiss\u00e3o: Engenheira Civil<br>\n              Email: lyzianne@anjosvisitantes.com\n            <\/div>\n            <div class=\"actions\">\n              <a class=\"btn btn-mail\" href=\"mailto:lyzianne@anjosvisitantes.com\">Enviar e-mail<\/a>\n              <a class=\"btn btn-wa\" href=\"https:\/\/wa.me\/557999546034\" target=\"_blank\">WhatsApp<\/a>\n            <\/div>\n          <\/div>\n\n          <div class=\"person\">\n            <div class=\"name\">E-mail Institucional Geral<\/div>\n            <div class=\"meta\">\n              Anjos Visitantes \u2013 OSC<br>\n              Email: anjosvisitantes@gmail.com\n            <\/div>\n            <div class=\"actions\">\n              <a class=\"btn btn-mail\" href=\"mailto:anjosvisitantes@gmail.com\">Enviar e-mail<\/a>\n            <\/div>\n          <\/div>\n        <\/div>\n      <\/div>\n\n      <!-- LINKS -->\n      <div class=\"section\">\n        <div class=\"sectionHead\">\n          <h2>Links Oficiais<\/h2>\n          <div class=\"hint\">Acesso r\u00e1pido<\/div>\n        <\/div>\n\n        <div class=\"sectionBody\">\n          <div class=\"linkCard\">\n            <div class=\"linkText\">\n              <strong>Instagram<\/strong>\n              <div>@anjosvisitantes.oficial<\/div>\n            <\/div>\n            <a class=\"btn-action\" href=\"https:\/\/www.instagram.com\/anjosvisitantes.oficial\" target=\"_blank\">Abrir<\/a>\n          <\/div>\n\n          <div class=\"linkCard\">\n            <div class=\"linkText\">\n              <strong>Anjos Visitantes Site<\/strong>\n              <div>P\u00e1gina oficial<\/div>\n            <\/div>\n            <a class=\"btn-action\" href=\"https:\/\/www.anjosvisitantes.com\" target=\"_blank\">Abrir<\/a>\n          <\/div>\n\n          <div class=\"linkCard\">\n            <div class=\"linkText\">\n              <strong>Grupo WhatsApp<\/strong>\n              <div>Acesso ao canal oficial<\/div>\n            <\/div>\n            <a class=\"btn-action\" href=\"https:\/\/is.gd\/AVPSS\" target=\"_blank\">Entrar<\/a>\n          <\/div>\n        <\/div>\n      <\/div>\n\n      <!-- DOCUMENTOS -->\n      <div class=\"section\">\n        <div class=\"sectionHead\">\n          <h2>Documentos Institucionais<\/h2>\n          <div class=\"hint\">Download oficial<\/div>\n        <\/div>\n\n        <div class=\"sectionBody\">\n          <div class=\"linkCard\">\n            <div class=\"linkText\">\n              <strong>Proposta AANM<\/strong>\n              <div>Acompanhamento em Assist\u00eancia N\u00e3o M\u00e9dica<\/div>\n            <\/div>\n            <a class=\"btn-action\" href=\"https:\/\/anjosvisitantes.com.se\/oscard\/docs\/Acompanhante%20em%20Assist%C3%AAncia%20N%C3%A3o%20M%C3%A9dica_Proposta.pdf\" target=\"_blank\">\n              Baixar PDF\n            <\/a>\n          <\/div>\n\n          <div class=\"linkCard\">\n            <div class=\"linkText\">\n              <strong>Proposta MCMVPI<\/strong>\n              <div>Minha Casa Minha Vida \u2013 Pessoa Idosa<\/div>\n            <\/div>\n            <a class=\"btn-action\" href=\"https:\/\/anjosvisitantes.com.se\/oscard\/docs\/MCMVPI_Proposta.pdf\" target=\"_blank\">\n              Baixar PDF\n            <\/a>\n          <\/div>\n\n          <div class=\"linkCard\">\n            <div class=\"linkText\">\n              <strong>An\u00e1lise Anjos Visitantes Piloto Cuidado Domiciliar<\/strong>\n              <div>Documento de an\u00e1lise do projeto piloto de cuidado domiciliar<\/div>\n            <\/div>\n            <a class=\"btn-action\" href=\"https:\/\/anjosvisitantes.com.se\/oscard\/docs\/Analise_Anjos_Visitantes_Piloto_Cuidado_Domiciliar.pdf\" target=\"_blank\">\n              Baixar PDF\n            <\/a>\n          <\/div>\n\n          <div class=\"linkCard\">\n            <div class=\"linkText\">\n              <strong>Resumo dos Projetos Anjos Visitantes<\/strong>\n              <div>Resumo institucional dos projetos<\/div>\n            <\/div>\n            <a class=\"btn-action\" href=\"https:\/\/anjosvisitantes.com.se\/oscard\/docs\/Resumo_Projetos_Anjos_Visitantes.pdf\" target=\"_blank\">\n              Baixar PDF\n            <\/a>\n          <\/div>\n        <\/div>\n      <\/div>\n\n    <\/div>\n\n    <div class=\"footer\">\n      \u00a9 2025 Anjos Visitantes. Todos os direitos reservados.\n    <\/div>\n  <\/div>\n<\/body>\n<\/html>\t\t\t\t<\/div>\n\t\t\t\t<\/div>\n\t\t<div class=\"elementor-element elementor-element-0944108 e-con-full e-flex e-con e-child\" data-id=\"0944108\" data-element_type=\"container\" data-e-type=\"container\">\n\t\t\t\t<div class=\"elementor-element elementor-element-c654959 elementor-widget elementor-widget-menu-anchor\" data-id=\"c654959\" data-element_type=\"widget\" data-e-type=\"widget\" data-widget_type=\"menu-anchor.default\">\n\t\t\t\t\t\t\t<div class=\"elementor-menu-anchor\" id=\"doar\"><\/div>\n\t\t\t\t\t\t<\/div>\n\t\t\t\t<div class=\"elementor-element elementor-element-62b4645 elementor-widget elementor-widget-image\" data-id=\"62b4645\" data-element_type=\"widget\" data-e-type=\"widget\" data-widget_type=\"image.default\">\n\t\t\t\t\t\t\t\t\t\t\t\t\t\t\t<img fetchpriority=\"high\" decoding=\"async\" width=\"724\" height=\"1024\" src=\"https:\/\/anjosvisitantes.com.se\/osc\/wp-content\/uploads\/2026\/03\/bigone-724x1024.webp\" class=\"attachment-large size-large wp-image-131\" alt=\"\" srcset=\"https:\/\/anjosvisitantes.com.se\/osc\/wp-content\/uploads\/2026\/03\/bigone-724x1024.webp 724w, https:\/\/anjosvisitantes.com.se\/osc\/wp-content\/uploads\/2026\/03\/bigone-212x300.webp 212w, https:\/\/anjosvisitantes.com.se\/osc\/wp-content\/uploads\/2026\/03\/bigone-768x1086.webp 768w, https:\/\/anjosvisitantes.com.se\/osc\/wp-content\/uploads\/2026\/03\/bigone-1086x1536.webp 1086w, https:\/\/anjosvisitantes.com.se\/osc\/wp-content\/uploads\/2026\/03\/bigone-1448x2048.webp 1358w, https:\/\/anjosvisitantes.com.se\/osc\/wp-content\/uploads\/2026\/03\/bigone.webp 1357w\" sizes=\"(max-width: 724px) 100vw, 724px\" \/>\t\t\t\t\t\t\t\t\t\t\t\t\t\t\t<\/div>\n\t\t\t\t<div class=\"elementor-element elementor-element-b82deb7 elementor-widget elementor-widget-image\" data-id=\"b82deb7\" data-element_type=\"widget\" data-e-type=\"widget\" data-widget_type=\"image.default\">\n\t\t\t\t\t\t\t\t\t\t\t\t\t\t\t<img decoding=\"async\" width=\"896\" height=\"1200\" src=\"https:\/\/anjosvisitantes.com.se\/osc\/wp-content\/uploads\/2026\/03\/All-PIX-MF.webp\" class=\"attachment-full size-full wp-image-204\" alt=\"Doar Anjos Visitances\" srcset=\"https:\/\/anjosvisitantes.com.se\/osc\/wp-content\/uploads\/2026\/03\/All-PIX-MF.webp 896w, https:\/\/anjosvisitantes.com.se\/osc\/wp-content\/uploads\/2026\/03\/All-PIX-MF-224x300.webp 224w, https:\/\/anjosvisitantes.com.se\/osc\/wp-content\/uploads\/2026\/03\/All-PIX-MF-765x1024.webp 765w, https:\/\/anjosvisitantes.com.se\/osc\/wp-content\/uploads\/2026\/03\/All-PIX-MF-768x1029.webp 768w\" sizes=\"(max-width: 896px) 100vw, 896px\" \/>\t\t\t\t\t\t\t\t\t\t\t\t\t\t\t<\/div>\n\t\t\t\t<div class=\"elementor-element elementor-element-8e74de7 elementor-widget elementor-widget-video\" data-id=\"8e74de7\" data-element_type=\"widget\" data-e-type=\"widget\" data-settings=\"{&quot;video_type&quot;:&quot;hosted&quot;,&quot;start&quot;:0,&quot;controls&quot;:&quot;yes&quot;}\" data-widget_type=\"video.default\">\n\t\t\t\t\t\t\t<div class=\"e-hosted-video elementor-wrapper elementor-open-inline\">\n\t\t\t\t\t<video class=\"elementor-video\" src=\"https:\/\/anjosvisitantes.com.se\/oscard\/videos\/dora1.mp4\" controls=\"\" preload=\"metadata\" controlsList=\"nodownload\"><\/video>\n\t\t\t\t<\/div>\n\t\t\t\t\t\t<\/div>\n\t\t\t\t<div class=\"elementor-element elementor-element-4d1174e elementor-widget elementor-widget-html\" data-id=\"4d1174e\" data-element_type=\"widget\" data-e-type=\"widget\" data-widget_type=\"html.default\">\n\t\t\t\t\t<div style=\"max-width:700px;margin:0 auto;padding:24px;background:#0f2b57;color:#ffffff;font-family:Arial,sans-serif;border-radius:14px;line-height:1.6;\">\r\n  <p style=\"margin:0 0 16px 0;font-size:18px;\">\r\n    Que bom saber que voc\u00ea quer ajudar, isso j\u00e1 significa muito pra gente.\r\n  <\/p>\r\n\r\n  <p style=\"margin:0 0 16px 0;\">\r\n    Estamos organizando a\u00e7\u00f5es com itens b\u00e1sicos para apoiar idosos em situa\u00e7\u00e3o de vulnerabilidade.\r\n  <\/p>\r\n\r\n  <p style=\"margin:0 0 10px 0;font-weight:bold;\">\r\n    Hoje estamos recebendo principalmente:\r\n  <\/p>\r\n\r\n  <ul style=\"margin:0 0 18px 20px;padding:0;\">\r\n    <li>Alimentos (como arroz, feij\u00e3o, macarr\u00e3o)<\/li>\r\n    <li>Produtos de higiene (como sabonete, papel higi\u00eanico, fralda geri\u00e1trica)<\/li>\r\n  <\/ul>\r\n\r\n  <p style=\"margin:0 0 18px 0;\">\r\n    A entrega pode ser feita em Aracaju (Aruana), ou podemos ver a possibilidade de retirada dependendo da localiza\u00e7\u00e3o.\r\n  <\/p>\r\n\r\n  <p style=\"margin:0 0 22px 0;\">\r\n    Voc\u00ea pode falar diretamente conosco para combinar da forma mais pr\u00e1tica:\r\n  <\/p>\r\n\r\n  <div style=\"display:flex;flex-wrap:wrap;gap:12px;\">\r\n    <a href=\"https:\/\/wa.me\/5579991232250\"\r\n       target=\"_blank\"\r\n       style=\"display:inline-block;padding:14px 22px;background:#25D366;color:#ffffff;text-decoration:none;font-weight:bold;border-radius:10px;font-size:16px;\">\r\n      Falar pelo WhatsApp\r\n    <\/a>\r\n\r\n    <a href=\"mailto:anjosvisitantes@gmail.com?subject=Quero%20ajudar%20os%20Anjos%20Visitantes\"\r\n       style=\"display:inline-block;padding:14px 22px;background:#f4b400;color:#0f2b57;text-decoration:none;font-weight:bold;border-radius:10px;font-size:16px;\">\r\n      Enviar e-mail\r\n    <\/a>\r\n  <\/div>\r\n<\/div>\t\t\t\t<\/div>\n\t\t\t\t<\/div>\n\t\t\t\t\t<\/div>\n\t\t\t\t<\/div>\n\t\t\t\t<\/div>\n\t\t","protected":false},"excerpt":{"rendered":"<p>Anjos Visitantes \u2013 Contatos Institucionais Doar Anjos Visitantes \u2013 OSC Organiza\u00e7\u00e3o da Sociedade Civil CNPJ: 65.053.532\/0001-32 Contatos Institucionais E-mail e WhatsApp Edna Martinez \u2013 Presidente Profiss\u00e3o: Pedagoga Email: edna@anjosvisitantes.com Enviar e-mail WhatsApp Edgar Martinez \u2013 Gerente Profiss\u00e3o: Engenheiro de Telecomunica\u00e7\u00f5es Email: edgar@anjosvisitantes.com Enviar e-mail WhatsApp Ros\u00e2ngela Santos \u2013 Coordenadora (AANM) Profiss\u00e3o: Psicopedagoga Email: rosangela@anjosvisitantes.com Enviar [&hellip;]<\/p>\n","protected":false},"author":1,"featured_media":0,"parent":0,"menu_order":0,"comment_status":"closed","ping_status":"closed","template":"","meta":{"_monsterinsights_skip_tracking":false,"_monsterinsights_sitenote_active":false,"_monsterinsights_sitenote_note":"","_monsterinsights_sitenote_category":0,"footnotes":""},"class_list":["post-123","page","type-page","status-publish","hentry"],"aioseo_notices":[],"_links":{"self":[{"href":"https:\/\/anjosvisitantes.com.se\/osc\/wp-json\/wp\/v2\/pages\/123","targetHints":{"allow":["GET"]}}],"collection":[{"href":"https:\/\/anjosvisitantes.com.se\/osc\/wp-json\/wp\/v2\/pages"}],"about":[{"href":"https:\/\/anjosvisitantes.com.se\/osc\/wp-json\/wp\/v2\/types\/page"}],"author":[{"embeddable":true,"href":"https:\/\/anjosvisitantes.com.se\/osc\/wp-json\/wp\/v2\/users\/1"}],"replies":[{"embeddable":true,"href":"https:\/\/anjosvisitantes.com.se\/osc\/wp-json\/wp\/v2\/comments?post=123"}],"version-history":[{"count":67,"href":"https:\/\/anjosvisitantes.com.se\/osc\/wp-json\/wp\/v2\/pages\/123\/revisions"}],"predecessor-version":[{"id":240,"href":"https:\/\/anjosvisitantes.com.se\/osc\/wp-json\/wp\/v2\/pages\/123\/revisions\/240"}],"wp:attachment":[{"href":"https:\/\/anjosvisitantes.com.se\/osc\/wp-json\/wp\/v2\/media?parent=123"}],"curies":[{"name":"wp","href":"https:\/\/api.w.org\/{rel}","templated":true}]}}